{"id":408,"date":"2017-07-04T21:19:04","date_gmt":"2017-07-04T21:19:04","guid":{"rendered":"https:\/\/jecrois.org\/blog\/?page_id=408"},"modified":"2020-07-01T15:04:20","modified_gmt":"2020-07-01T15:04:20","slug":"indice","status":"publish","type":"page","link":"https:\/\/jecrois.org\/blog\/?page_id=408","title":{"rendered":"La cr\u00e9ation"},"content":{"rendered":"<p>&nbsp;<\/p>\n<p><strong><a href=\"https:\/\/jecrois.org\/blog\/?p=213\" target=\"_blank\" rel=\"noopener noreferrer\"><img loading=\"lazy\" decoding=\"async\" class=\"alignleft size-medium wp-image-217\" src=\"https:\/\/jecrois.org\/blog\/wp-content\/uploads\/2014\/03\/cainwife-300x285.jpg\" alt=\"\" width=\"300\" height=\"285\" srcset=\"https:\/\/jecrois.org\/blog\/wp-content\/uploads\/2014\/03\/cainwife-300x285.jpg 300w, https:\/\/jecrois.org\/blog\/wp-content\/uploads\/2014\/03\/cainwife.jpg 642w\" sizes=\"auto, (max-width: 300px) 100vw, 300px\" \/><\/a><\/strong><\/p>\n<p>&nbsp;<\/p>\n<p>&nbsp;<\/p>\n<p><strong>Qui Ca\u00efn a-t-il \u00e9pous\u00e9 ? \u00a0 \u00a0 \u00a0<\/strong><a href=\"https:\/\/jecrois.org\/blog\/?p=213\" target=\"_blank\" rel=\"noopener noreferrer\"><strong>Lisez plus &gt;&gt;<\/strong><\/a><\/p>\n<p>&nbsp;<\/p>\n<p>&nbsp;<\/p>\n<p>&nbsp;<\/p>\n<p>&nbsp;<\/p>\n<p><a href=\"https:\/\/jecrois.org\/blog\/?p=203\" target=\"_blank\" rel=\"noopener noreferrer\"><img loading=\"lazy\" decoding=\"async\" class=\"alignleft wp-image-593\" src=\"http:\/\/www.genesisandgenetics.org\/wp-content\/uploads\/2017\/06\/Neanderthal_silhouette-300x274.jpeg\" alt=\"http:\/\/www.dreamstime.com\/stock-photography-silhouette-various-people-various-positions-businessmen-image64824952\" width=\"240\" height=\"219\" \/><\/a><\/p>\n<p>&nbsp;<\/p>\n<p><strong>Quel es la placede la homme de \u00a0 Neanderthal dans la Bible ?<\/strong><\/p>\n<p><strong>\u00a0<\/strong><a href=\"https:\/\/jecrois.org\/blog\/?p=203\" target=\"_blank\" rel=\"noopener noreferrer\"><strong>Lisez plus &gt;&gt;<\/strong><\/a><\/p>\n<p>&nbsp;<\/p>\n<p>&nbsp;<\/p>\n<p><a href=\"https:\/\/jecrois.org\/blog\/?p=293\" target=\"_blank\" rel=\"noopener noreferrer\"><img loading=\"lazy\" decoding=\"async\" class=\"alignleft size-medium wp-image-354\" src=\"https:\/\/jecrois.org\/blog\/wp-content\/uploads\/2016\/04\/may52017-011-300x225.jpg\" alt=\"\" width=\"300\" height=\"225\" srcset=\"https:\/\/jecrois.org\/blog\/wp-content\/uploads\/2016\/04\/may52017-011-300x225.jpg 300w, https:\/\/jecrois.org\/blog\/wp-content\/uploads\/2016\/04\/may52017-011-768x576.jpg 768w, https:\/\/jecrois.org\/blog\/wp-content\/uploads\/2016\/04\/may52017-011-1024x768.jpg 1024w, https:\/\/jecrois.org\/blog\/wp-content\/uploads\/2016\/04\/may52017-011.jpg 1152w\" sizes=\"auto, (max-width: 300px) 100vw, 300px\" \/><\/a><\/p>\n<p>&nbsp;<\/p>\n<p>&nbsp;<\/p>\n<p><strong>La science et La Bible<\/strong><\/p>\n<p><strong>\u00a0<\/strong><a href=\"https:\/\/jecrois.org\/blog\/?p=293\" target=\"_blank\" rel=\"noopener noreferrer\"><b>Lisez plus &gt;&gt;<\/b><\/a><\/p>\n<p>&nbsp;<\/p>\n<p>&nbsp;<\/p>\n<p><a href=\"https:\/\/jecrois.org\/blog\/?p=139\" target=\"_blank\" rel=\"noopener noreferrer\"><img loading=\"lazy\" decoding=\"async\" class=\"alignleft size-medium wp-image-401\" src=\"https:\/\/jecrois.org\/blog\/wp-content\/uploads\/2017\/07\/Adam_elephant_small-300x194-300x194.jpg\" alt=\"\" width=\"300\" height=\"194\" \/><\/a><\/p>\n<p>&nbsp;<\/p>\n<p>&nbsp;<\/p>\n<p><strong>L&#8217;ADN de Adam. \u00a0<\/strong><a href=\"https:\/\/jecrois.org\/blog\/?p=139\" target=\"_blank\" rel=\"noopener noreferrer\"><strong>Lisez plus&gt;&gt;<\/strong><\/a><\/p>\n<p>&nbsp;<\/p>\n<p>&nbsp;<\/p>\n<p><a href=\"https:\/\/jecrois.org\/blog\/?p=236\" target=\"_blank\" rel=\"noopener noreferrer\"><img loading=\"lazy\" decoding=\"async\" class=\"alignleft wp-image-572\" src=\"http:\/\/www.genesisandgenetics.org\/wp-content\/uploads\/2014\/03\/xxl_84904001-Credit-300x241.jpg\" alt=\"xxl_84904001-Credit\" width=\"279\" height=\"224\" \/><\/a><\/p>\n<p>&nbsp;<\/p>\n<p>&nbsp;<\/p>\n<p><strong>L&#8217;ADN de Eve. \u00a0<\/strong><a href=\"https:\/\/jecrois.org\/blog\/?p=236\" target=\"_blank\" rel=\"noopener noreferrer\"><strong>Lisez plus &gt;&gt;<\/strong><\/a><\/p>\n<p>&nbsp;<\/p>\n<p>&nbsp;<\/p>\n<p>&nbsp;<\/p>\n<p><a href=\"https:\/\/jecrois.org\/blog\/?p=197\" target=\"_blank\" rel=\"noopener noreferrer\"><img loading=\"lazy\" decoding=\"async\" class=\"alignleft wp-image-586\" src=\"http:\/\/www.genesisandgenetics.org\/wp-content\/uploads\/2015\/08\/dreamstime_l_22493289_small-300x199.jpg\" alt=\"dreamstime_l_22493289_small\" width=\"329\" height=\"218\" \/><\/a><\/p>\n<p>&nbsp;<\/p>\n<p><strong>L\u2019Arche de No\u00e9&#8217;s ark: une autre \u00a0approche. <\/strong><\/p>\n<p><a href=\"https:\/\/jecrois.org\/blog\/?p=197\" target=\"_blank\" rel=\"noopener noreferrer\"><strong>\u00a0<\/strong><strong>Lisez plus &gt;&gt;<\/strong><\/a><\/p>\n<p>&nbsp;<\/p>\n<p>&nbsp;<\/p>\n<p>&nbsp;<\/p>\n<p><strong><a href=\"https:\/\/jecrois.org\/blog\/?p=143\" target=\"_blank\" rel=\"noopener noreferrer\"><img loading=\"lazy\" decoding=\"async\" class=\"alignleft size-full wp-image-403\" src=\"https:\/\/jecrois.org\/blog\/wp-content\/uploads\/2017\/07\/jesus.png\" alt=\"\" width=\"295\" height=\"197\" \/><\/a><\/strong><\/p>\n<p>&nbsp;<\/p>\n<p>&nbsp;<\/p>\n<p><strong>L\u2019ADN de J\u00e9sus. <a href=\"https:\/\/jecrois.org\/blog\/?p=143\">\u00a0<\/a><\/strong><a href=\"https:\/\/jecrois.org\/blog\/?p=143\" target=\"_blank\" rel=\"noopener noreferrer\"><strong>Lisez plus &gt;&gt;<\/strong><\/a><\/p>\n<p>&nbsp;<\/p>\n<p>&nbsp;<\/p>\n<p><a href=\"https:\/\/jecrois.org\/blog\/?p=133\" target=\"_blank\" rel=\"noopener noreferrer\"><img loading=\"lazy\" decoding=\"async\" class=\"alignleft size-full wp-image-604\" src=\"http:\/\/www.genesisandgenetics.org\/wp-content\/uploads\/2017\/06\/dreamstime_xxl_64824952_crop1.jpg\" alt=\"http:\/\/www.dreamstime.com\/stock-photography-silhouette-various-people-various-positions-businessmen-image64824952\" width=\"164\" height=\"162\" \/><\/a><\/p>\n<p>&nbsp;<\/p>\n<p><strong>La c\u00f4te d\u2019Adam \u00a0<\/strong><a href=\"https:\/\/jecrois.org\/blog\/?p=133\" target=\"_blank\" rel=\"noopener noreferrer\"><strong>Lisez plus &gt;&gt;<\/strong><\/a><\/p>\n<p>&nbsp;<\/p>\n<p>&nbsp;<\/p>\n<p>&nbsp;<\/p>\n<p><a href=\"https:\/\/jecrois.org\/blog\/?p=228\" target=\"_blank\" rel=\"noopener noreferrer\"><img loading=\"lazy\" decoding=\"async\" class=\"alignleft size-medium wp-image-580\" src=\"http:\/\/www.genesisandgenetics.org\/wp-content\/uploads\/2016\/01\/ducklings_small-300x225.jpg\" alt=\"ducklings_small\" width=\"300\" height=\"225\" \/><\/a><\/p>\n<p>&nbsp;<\/p>\n<p>Nature d\u00e9chue et La Bible<\/p>\n<p><a href=\"https:\/\/jecrois.org\/blog\/?p=228\" target=\"_blank\" rel=\"noopener noreferrer\"><strong>Lisez plus &gt;&gt;<\/strong><\/a><\/p>\n<p>&nbsp;<\/p>\n<p>&nbsp;<\/p>\n<p>&nbsp;<\/p>\n<p><a href=\"http:\/\/www.jecrois.org\/lists\/?p=subscribe&amp;id=2\" target=\"_blank\" rel=\"noopener noreferrer\"><img loading=\"lazy\" decoding=\"async\" class=\"alignleft size-medium wp-image-605\" src=\"http:\/\/www.genesisandgenetics.org\/wp-content\/uploads\/2017\/06\/dreamstime_l_18049172_small-300x200.jpg\" alt=\"dreamstime_l_18049172_small\" width=\"300\" height=\"200\" \/><\/a><\/p>\n<p>&nbsp;<\/p>\n<p><strong>Les autres blogs \u00a0&gt;&gt; <a href=\"https:\/\/jecrois.org\/blog\/\" target=\"_blank\" rel=\"noopener noreferrer\">cliquez ici<\/a><\/strong><\/p>\n<div style=\"padding-bottom:20px; padding-top:10px;\" class=\"hupso-share-buttons\"><!-- Hupso Share Buttons - https:\/\/www.hupso.com\/share\/ --><a class=\"hupso_pop\" href=\"https:\/\/www.hupso.com\/share\/\"><img decoding=\"async\" src=\"https:\/\/static.hupso.com\/share\/buttons\/button100x23.png\" style=\"border:0px; width:100; height: 23; \" alt=\"Share Button\" \/><\/a><script type=\"text\/javascript\">var hupso_services=new Array(\"Twitter\",\"Facebook\",\"Linkedin\",\"StumbleUpon\",\"Reddit\",\"Print\");var hupso_icon_type = \"labels\";var hupso_background=\"#EAF4FF\";var hupso_border=\"#66CCFF\";var hupso_image_folder_url = \"\";var hupso_url=\"\";var hupso_title=\"La%20cr%C3%A9ation\";<\/script><script type=\"text\/javascript\" src=\"https:\/\/static.hupso.com\/share\/js\/share.js\"><\/script><!-- Hupso Share Buttons --><\/div>","protected":false},"excerpt":{"rendered":"<p>&nbsp; &nbsp; &nbsp; Qui Ca\u00efn a-t-il \u00e9pous\u00e9 ? \u00a0 \u00a0 \u00a0Lisez plus &gt;&gt; &nbsp; &nbsp; &nbsp; &nbsp; &nbsp; Quel es la placede la homme de \u00a0 Neanderthal dans la Bible ? \u00a0Lisez plus &gt;&gt; &nbsp; &nbsp; &nbsp; &nbsp; La science et La Bible \u00a0Lisez plus &gt;&gt; &nbsp; &nbsp; &nbsp; &nbsp; L&#8217;ADN de Adam. \u00a0Lisez plus&gt;&gt; &hellip; <a href=\"https:\/\/jecrois.org\/blog\/?page_id=408\" class=\"more-link\">Continue reading <span class=\"screen-reader-text\">La cr\u00e9ation<\/span> <span class=\"meta-nav\">&rarr;<\/span><\/a><\/p>\n<div style=\"padding-bottom:20px; padding-top:10px;\" class=\"hupso-share-buttons\"><!-- Hupso Share Buttons - https:\/\/www.hupso.com\/share\/ --><a class=\"hupso_pop\" href=\"https:\/\/www.hupso.com\/share\/\"><img src=\"https:\/\/static.hupso.com\/share\/buttons\/button100x23.png\" style=\"border:0px; width:100; height: 23; \" alt=\"Share Button\" \/><\/a><script type=\"text\/javascript\">var hupso_services=new Array(\"Twitter\",\"Facebook\",\"Linkedin\",\"StumbleUpon\",\"Reddit\",\"Print\");var hupso_icon_type = \"labels\";var hupso_background=\"#EAF4FF\";var hupso_border=\"#66CCFF\";var hupso_image_folder_url = \"\";var hupso_url=\"\";var hupso_title=\"La%20cr%C3%A9ation\";<\/script><script type=\"text\/javascript\" src=\"https:\/\/static.hupso.com\/share\/js\/share.js\"><\/script><!-- Hupso Share Buttons --><\/div>","protected":false},"author":1,"featured_media":0,"parent":0,"menu_order":5,"comment_status":"closed","ping_status":"closed","template":"","meta":{"footnotes":""},"class_list":["post-408","page","type-page","status-publish","hentry"],"_links":{"self":[{"href":"https:\/\/jecrois.org\/blog\/index.php?rest_route=\/wp\/v2\/pages\/408","targetHints":{"allow":["GET"]}}],"collection":[{"href":"https:\/\/jecrois.org\/blog\/index.php?rest_route=\/wp\/v2\/pages"}],"about":[{"href":"https:\/\/jecrois.org\/blog\/index.php?rest_route=\/wp\/v2\/types\/page"}],"author":[{"embeddable":true,"href":"https:\/\/jecrois.org\/blog\/index.php?rest_route=\/wp\/v2\/users\/1"}],"replies":[{"embeddable":true,"href":"https:\/\/jecrois.org\/blog\/index.php?rest_route=%2Fwp%2Fv2%2Fcomments&post=408"}],"version-history":[{"count":14,"href":"https:\/\/jecrois.org\/blog\/index.php?rest_route=\/wp\/v2\/pages\/408\/revisions"}],"predecessor-version":[{"id":415,"href":"https:\/\/jecrois.org\/blog\/index.php?rest_route=\/wp\/v2\/pages\/408\/revisions\/415"}],"wp:attachment":[{"href":"https:\/\/jecrois.org\/blog\/index.php?rest_route=%2Fwp%2Fv2%2Fmedia&parent=408"}],"curies":[{"name":"wp","href":"https:\/\/api.w.org\/{rel}","templated":true}]}}