{"id":388,"date":"2017-07-02T02:18:18","date_gmt":"2017-07-02T02:18:18","guid":{"rendered":"https:\/\/jecrois.org\/blog\/?page_id=388"},"modified":"2020-07-01T15:06:00","modified_gmt":"2020-07-01T15:06:00","slug":"bande-dessinee","status":"publish","type":"page","link":"https:\/\/jecrois.org\/blog\/?page_id=388","title":{"rendered":"Bande dessin\u00e9e"},"content":{"rendered":"<p><center>Bande dessin\u00e9e ou diaporama \u00e0 t\u00e9l\u00e9charger gratuitement<\/center>&nbsp;<\/p>\n<p>Les liens ci-dessous vous permettront de visualiser les bandes dessinees ou bien t\u00e9l\u00e9charger les diapos de l\u2019\u00e9vangile. N\u2019h\u00e9sitez pas \u00e0 en faire l\u2019usage que vous souhaitez et surtout faites les passer autour de vous.Ce sont des dossiers assez grands et donc peuvent prendre quelques minutes \u00e0 t\u00e9l\u00e9charger.Pour regarder les BD, cliquez sur &#8220;diaporama&#8221; ou sinon vous pouvez les t\u00e9l\u00e9charger en cliquant tout simplement sur le lien.<\/p>\n<p>Les Choses Cach\u00e9es\u00a0\u00a0\u00a0<a href=\"http:\/\/www.jecrois.org\/tracts\/Leschoses.htm\">(t\u00e9l\u00e9charger -&gt; 2.11 mb)<\/a><\/p>\n<p>850 Ans AV J.C.\u00a0\u00a0\u00a0\u00a0\u00a0\u00a0\u00a0\u00a0<a href=\"http:\/\/www.jecrois.org\/tracts\/850ans.htm\">(t\u00e9l\u00e9charger -&gt; 3.01 mb)<\/a><\/p>\n<p>Le Chemin (page 1)\u00a0\u00a0\u00a0\u00a0\u00a0<a href=\"http:\/\/www.jecrois.org\/tracts\/chemin1.htm\">(t\u00e9l\u00e9charger -&gt; 1.98 mb)<\/a><\/p>\n<p>Le Chemin (page 2)\u00a0\u00a0\u00a0\u00a0\u00a0<a href=\"http:\/\/www.jecrois.org\/tracts\/chemin2.htm\">(t\u00e9l\u00e9charger -&gt; 2.38 mb)<\/a><\/p>\n<p>L&#8217;injustice\u00a0\u00a0\u00a0\u00a0\u00a0\u00a0\u00a0\u00a0\u00a0\u00a0\u00a0\u00a0\u00a0\u00a0\u00a0\u00a0\u00a0\u00a0\u00a0\u00a0<a href=\"http:\/\/www.jecrois.org\/tracts\/injustice.htm\">(t\u00e9l\u00e9charger -&gt; 2.00 mb)<\/a><\/p>\n<p>La Parole (page 1)\u00a0\u00a0\u00a0\u00a0\u00a0\u00a0\u00a0<a href=\"http:\/\/www.jecrois.org\/tracts\/parole1.htm\">(t\u00e9l\u00e9charger -&gt; 2.84 mb)<\/a><\/p>\n<p>La Parole (page 2)\u00a0\u00a0\u00a0\u00a0\u00a0\u00a0\u00a0<a href=\"http:\/\/www.jecrois.org\/tracts\/parole2.htm\">(t\u00e9l\u00e9charger -&gt; 2.10 mb)<\/a><\/p>\n<p>&nbsp;<\/p>\n<div style=\"padding-bottom:20px; padding-top:10px;\" class=\"hupso-share-buttons\"><!-- Hupso Share Buttons - https:\/\/www.hupso.com\/share\/ --><a class=\"hupso_pop\" href=\"https:\/\/www.hupso.com\/share\/\"><img decoding=\"async\" src=\"https:\/\/static.hupso.com\/share\/buttons\/button100x23.png\" style=\"border:0px; width:100; height: 23; \" alt=\"Share Button\" \/><\/a><script type=\"text\/javascript\">var hupso_services=new Array(\"Twitter\",\"Facebook\",\"Linkedin\",\"StumbleUpon\",\"Reddit\",\"Print\");var hupso_icon_type = \"labels\";var hupso_background=\"#EAF4FF\";var hupso_border=\"#66CCFF\";var hupso_image_folder_url = \"\";var hupso_url=\"\";var hupso_title=\"Bande%20dessin%C3%A9e\";<\/script><script type=\"text\/javascript\" src=\"https:\/\/static.hupso.com\/share\/js\/share.js\"><\/script><!-- Hupso Share Buttons --><\/div>","protected":false},"excerpt":{"rendered":"<p>Bande dessin\u00e9e ou diaporama \u00e0 t\u00e9l\u00e9charger gratuitement&nbsp; Les liens ci-dessous vous permettront de visualiser les bandes dessinees ou bien t\u00e9l\u00e9charger les diapos de l\u2019\u00e9vangile. N\u2019h\u00e9sitez pas \u00e0 en faire l\u2019usage que vous souhaitez et surtout faites les passer autour de vous.Ce sont des dossiers assez grands et donc peuvent prendre quelques minutes \u00e0 t\u00e9l\u00e9charger.Pour regarder &hellip; <a href=\"https:\/\/jecrois.org\/blog\/?page_id=388\" class=\"more-link\">Continue reading <span class=\"screen-reader-text\">Bande dessin\u00e9e<\/span> <span class=\"meta-nav\">&rarr;<\/span><\/a><\/p>\n<div style=\"padding-bottom:20px; padding-top:10px;\" class=\"hupso-share-buttons\"><!-- Hupso Share Buttons - https:\/\/www.hupso.com\/share\/ --><a class=\"hupso_pop\" href=\"https:\/\/www.hupso.com\/share\/\"><img src=\"https:\/\/static.hupso.com\/share\/buttons\/button100x23.png\" style=\"border:0px; width:100; height: 23; \" alt=\"Share Button\" \/><\/a><script type=\"text\/javascript\">var hupso_services=new Array(\"Twitter\",\"Facebook\",\"Linkedin\",\"StumbleUpon\",\"Reddit\",\"Print\");var hupso_icon_type = \"labels\";var hupso_background=\"#EAF4FF\";var hupso_border=\"#66CCFF\";var hupso_image_folder_url = \"\";var hupso_url=\"\";var hupso_title=\"Bande%20dessin%C3%A9e\";<\/script><script type=\"text\/javascript\" src=\"https:\/\/static.hupso.com\/share\/js\/share.js\"><\/script><!-- Hupso Share Buttons --><\/div>","protected":false},"author":1,"featured_media":0,"parent":0,"menu_order":4,"comment_status":"closed","ping_status":"closed","template":"","meta":{"footnotes":""},"class_list":["post-388","page","type-page","status-publish","hentry"],"_links":{"self":[{"href":"https:\/\/jecrois.org\/blog\/index.php?rest_route=\/wp\/v2\/pages\/388","targetHints":{"allow":["GET"]}}],"collection":[{"href":"https:\/\/jecrois.org\/blog\/index.php?rest_route=\/wp\/v2\/pages"}],"about":[{"href":"https:\/\/jecrois.org\/blog\/index.php?rest_route=\/wp\/v2\/types\/page"}],"author":[{"embeddable":true,"href":"https:\/\/jecrois.org\/blog\/index.php?rest_route=\/wp\/v2\/users\/1"}],"replies":[{"embeddable":true,"href":"https:\/\/jecrois.org\/blog\/index.php?rest_route=%2Fwp%2Fv2%2Fcomments&post=388"}],"version-history":[{"count":1,"href":"https:\/\/jecrois.org\/blog\/index.php?rest_route=\/wp\/v2\/pages\/388\/revisions"}],"predecessor-version":[{"id":389,"href":"https:\/\/jecrois.org\/blog\/index.php?rest_route=\/wp\/v2\/pages\/388\/revisions\/389"}],"wp:attachment":[{"href":"https:\/\/jecrois.org\/blog\/index.php?rest_route=%2Fwp%2Fv2%2Fmedia&parent=388"}],"curies":[{"name":"wp","href":"https:\/\/api.w.org\/{rel}","templated":true}]}}