{"id":291,"date":"2015-12-16T15:16:06","date_gmt":"2015-12-16T15:16:06","guid":{"rendered":"https:\/\/jecrois.org\/blog\/?page_id=291"},"modified":"2020-07-01T15:01:30","modified_gmt":"2020-07-01T15:01:30","slug":"bibles-telecharger","status":"publish","type":"page","link":"https:\/\/jecrois.org\/blog\/?page_id=291","title":{"rendered":"Bibles (t\u00e9l\u00e9charger)"},"content":{"rendered":"<p><center>T\u00e9l\u00e9charger Gratuitement<\/center><br \/>\nNous sommes heureux d&#8217;annoncer que nous avons d\u00e9sormais le logiciel biblique e-sword qui fonctionne en plusieurs langues.<\/p>\n<p>1. Il faut mettre en place le logiciel pour lire les Bible (Il s&#8217;agit d&#8217;un gros fichier) et aussi les Bibles. Cliquez sur &#8220;t\u00e9l\u00e9charge&#8221; et suivez les instructions; tout d&#8217;abord le logiciel puis les Bibles.<\/p>\n<p>2. Pour s\u00e9lectionner votre langue pr\u00e9f\u00e9r\u00e9e, s\u00e9lectionnez \u00ab Options \u00bb, puis \u00ab Language \u00bb (langue), puis s\u00e9lectionnez la langue de votre choix. Ceci vous permettra de voir l&#8217;interface graphique et les instructions dans votre langue. Certaines langues n&#8217;ont pas \u00e9t\u00e9 enti\u00e8rement traduites.<\/p>\n<p>3. Pour s\u00e9lectionner une Bible, cliquez sur l&#8217;onglet, par exemple, cliquez sur l&#8217;onglet FDB pour s\u00e9lectionner la Bible Darby.<\/p>\n<p>4. Pour trouver un verset, cliquez sur l&#8217;ic\u00f4ne de la Bible.<\/p>\n<p>5. Pour rechercher un mot ou une expression, cliquez sur les jumelles.<\/p>\n<p>6. Si vous vous abonnez \u00e0 notre \u00e9tude biblique, vous recevrez \u00e9galement les derni\u00e8res mises \u00e0 jour de Bible \u00e9lectronique.<\/p>\n<p>Les liens ci-dessous vous permettront de t\u00e9l\u00e9charger les Bibles et le logiciel pour lire les Bibles.<\/p>\n<p>Mettre en place le logiciel pour lire les Bibles \u00a0\u00a0\u00a0<a href=\"http:\/\/www.jecrois.org\/esword1005\/setup1005.exe\">(t\u00e9l\u00e9charger -&gt; 53.772 mb)<\/a><\/p>\n<p>fdb.exe &#8211; Darby Bible (Fran\u00e7ais)\u00a0\u00a0\u00a0<a href=\"http:\/\/www.jecrois.org\/esword902\/fdb.exe\">(t\u00e9l\u00e9charger -&gt; 2.3 kb)<\/a><\/p>\n<p>fls.exe &#8211; Louis Segond Bible (Fran\u00e7ais)\u00a0\u00a0\u00a0<a href=\"http:\/\/www.jecrois.org\/esword902\/fls.exe\">(t\u00e9l\u00e9charger -&gt; 2.6 kb)<\/a><\/p>\n<p>asv.exe &#8211; American Standard (English)\u00a0\u00a0\u00a0<a href=\"http:\/\/www.jecrois.org\/esword902\/asv.exe\">(t\u00e9l\u00e9charger -&gt; 2.3 kb)<\/a><\/p>\n<p>svd.exe &#8211; Arabic Smith and Van Dyke Bible (Arabic)\u00a0\u00a0\u00a0<a href=\"http:\/\/www.jecrois.org\/esword902\/svd.exe\">(t\u00e9l\u00e9charger -&gt; 3.0 kb)<\/a><\/p>\n<p>aov.exe &#8211; Afrikaans (Afrikaans)\u00a0\u00a0\u00a0<a href=\"http:\/\/www.jecrois.org\/esword902\/aov.exe\">(t\u00e9l\u00e9charger -&gt; 2.5 kb)<\/a><\/p>\n<p>viet.exe = Vietnamese Bible (vietnamese)\u00a0\u00a0\u00a0<a href=\"http:\/\/www.jecrois.org\/esword902\/viet.exe\">(t\u00e9l\u00e9charger -&gt; 2.6 kb)<\/a><\/p>\n<p>Voici une capture d&#8217;\u00e9cran du GUI pour les E-Bibles:<\/p>\n<p><img loading=\"lazy\" decoding=\"async\" src=\"http:\/\/www.jecrois.org\/pics\/example.jpg\" alt=\"example\" width=\"604\" height=\"428\" \/><\/p>\n<div style=\"padding-bottom:20px; padding-top:10px;\" class=\"hupso-share-buttons\"><!-- Hupso Share Buttons - https:\/\/www.hupso.com\/share\/ --><a class=\"hupso_pop\" href=\"https:\/\/www.hupso.com\/share\/\"><img decoding=\"async\" src=\"https:\/\/static.hupso.com\/share\/buttons\/button100x23.png\" style=\"border:0px; width:100; height: 23; \" alt=\"Share Button\" \/><\/a><script type=\"text\/javascript\">var hupso_services=new Array(\"Twitter\",\"Facebook\",\"Linkedin\",\"StumbleUpon\",\"Reddit\",\"Print\");var hupso_icon_type = \"labels\";var hupso_background=\"#EAF4FF\";var hupso_border=\"#66CCFF\";var hupso_image_folder_url = \"\";var hupso_url=\"\";var hupso_title=\"Bibles%20%28t%C3%A9l%C3%A9charger%29\";<\/script><script type=\"text\/javascript\" src=\"https:\/\/static.hupso.com\/share\/js\/share.js\"><\/script><!-- Hupso Share Buttons --><\/div>","protected":false},"excerpt":{"rendered":"<p>T\u00e9l\u00e9charger Gratuitement Nous sommes heureux d&#8217;annoncer que nous avons d\u00e9sormais le logiciel biblique e-sword qui fonctionne en plusieurs langues. 1. Il faut mettre en place le logiciel pour lire les Bible (Il s&#8217;agit d&#8217;un gros fichier) et aussi les Bibles. Cliquez sur &#8220;t\u00e9l\u00e9charge&#8221; et suivez les instructions; tout d&#8217;abord le logiciel puis les Bibles. 2. &hellip; <a href=\"https:\/\/jecrois.org\/blog\/?page_id=291\" class=\"more-link\">Continue reading <span class=\"screen-reader-text\">Bibles (t\u00e9l\u00e9charger)<\/span> <span class=\"meta-nav\">&rarr;<\/span><\/a><\/p>\n<div style=\"padding-bottom:20px; padding-top:10px;\" class=\"hupso-share-buttons\"><!-- Hupso Share Buttons - https:\/\/www.hupso.com\/share\/ --><a class=\"hupso_pop\" href=\"https:\/\/www.hupso.com\/share\/\"><img src=\"https:\/\/static.hupso.com\/share\/buttons\/button100x23.png\" style=\"border:0px; width:100; height: 23; \" alt=\"Share Button\" \/><\/a><script type=\"text\/javascript\">var hupso_services=new Array(\"Twitter\",\"Facebook\",\"Linkedin\",\"StumbleUpon\",\"Reddit\",\"Print\");var hupso_icon_type = \"labels\";var hupso_background=\"#EAF4FF\";var hupso_border=\"#66CCFF\";var hupso_image_folder_url = \"\";var hupso_url=\"\";var hupso_title=\"Bibles%20%28t%C3%A9l%C3%A9charger%29\";<\/script><script type=\"text\/javascript\" src=\"https:\/\/static.hupso.com\/share\/js\/share.js\"><\/script><!-- Hupso Share Buttons --><\/div>","protected":false},"author":1,"featured_media":0,"parent":0,"menu_order":3,"comment_status":"closed","ping_status":"closed","template":"","meta":{"footnotes":""},"class_list":["post-291","page","type-page","status-publish","hentry"],"_links":{"self":[{"href":"https:\/\/jecrois.org\/blog\/index.php?rest_route=\/wp\/v2\/pages\/291","targetHints":{"allow":["GET"]}}],"collection":[{"href":"https:\/\/jecrois.org\/blog\/index.php?rest_route=\/wp\/v2\/pages"}],"about":[{"href":"https:\/\/jecrois.org\/blog\/index.php?rest_route=\/wp\/v2\/types\/page"}],"author":[{"embeddable":true,"href":"https:\/\/jecrois.org\/blog\/index.php?rest_route=\/wp\/v2\/users\/1"}],"replies":[{"embeddable":true,"href":"https:\/\/jecrois.org\/blog\/index.php?rest_route=%2Fwp%2Fv2%2Fcomments&post=291"}],"version-history":[{"count":1,"href":"https:\/\/jecrois.org\/blog\/index.php?rest_route=\/wp\/v2\/pages\/291\/revisions"}],"predecessor-version":[{"id":292,"href":"https:\/\/jecrois.org\/blog\/index.php?rest_route=\/wp\/v2\/pages\/291\/revisions\/292"}],"wp:attachment":[{"href":"https:\/\/jecrois.org\/blog\/index.php?rest_route=%2Fwp%2Fv2%2Fmedia&parent=291"}],"curies":[{"name":"wp","href":"https:\/\/api.w.org\/{rel}","templated":true}]}}