{"id":286,"date":"2015-12-16T04:49:15","date_gmt":"2015-12-16T04:49:15","guid":{"rendered":"https:\/\/jecrois.org\/blog\/?page_id=286"},"modified":"2025-12-16T01:23:57","modified_gmt":"2025-12-16T01:23:57","slug":"lecons","status":"publish","type":"page","link":"https:\/\/jecrois.org\/blog\/?page_id=286","title":{"rendered":"Le\u00e7ons (t\u00e9l\u00e9charger)"},"content":{"rendered":"<p><center>Voir, Lire, et T\u00e9l\u00e9charger Le\u00e7ons de la Bible (Gratuitement)<\/center><\/p>\n<p>\n****************\u00a0\u00a0\u00a0\u00a0\u00a0\u00a0 Etude 1 &#8211; La V\u00e9rit\u00e9 \u00a0\u00a0\u00a0\u00a0\u00a0\u00a0*****************<\/p>\n<p>Le\u00e7on 1-1 La V\u00e9rit\u00e9<\/p>\n<p><a href=\"http:\/\/www.jecrois.org\/lessonsF\/Lecon1-1.docx\">T\u00e9l\u00e9charger le\u00e7on 1-1 (MSN Word Format)<\/a><br \/>\n<a href=\"http:\/\/www.jecrois.org\/lessonsF\/Lecon1-1.pdf\">T\u00e9l\u00e9charger le\u00e7on 1-1 (PDF Format)<\/a><br \/>\n<a href=\"http:\/\/www.jecrois.org\/lessonansF\/Lecon%201-1rep.pdf\">Nos R\u00e9ponses le\u00e7on 1-1 (PDF Format 75KB)<\/a><\/p>\n<p>Le\u00e7on 1-2 L&#8217;access \u00e0 la V\u00e9rit\u00e9<\/p>\n<p><a href=\"http:\/\/www.jecrois.org\/lessonsF\/Lecon1-2.docx\">T\u00e9l\u00e9charger le\u00e7on 1-2 (MSN Word Format)<\/a><br \/>\n<a href=\"http:\/\/www.jecrois.org\/lessonsF\/Lecon1-2.pdf\">T\u00e9l\u00e9charger le\u00e7on 1-2 (PDF Format)<\/a><br \/>\n<a href=\"http:\/\/www.jecrois.org\/lessonansF\/Lecon%201-2rep.pdf\">Nos R\u00e9ponses le\u00e7on 1-2 <\/a><\/p>\n<p>Le\u00e7on 1-3 La Bible<\/p>\n<p><a href=\"http:\/\/www.jecrois.org\/lessonsF\/Lecon1-3.docx\">T\u00e9l\u00e9charger le\u00e7on 1-3 (MSN Word Format)<\/a><br \/>\n<a href=\"http:\/\/www.jecrois.org\/lessonsF\/Lecon1-3.pdf\">T\u00e9l\u00e9charger le\u00e7on 1-3 (PDF Format)<\/a><br \/>\n<a href=\"http:\/\/www.jecrois.org\/lessonansF\/Lecon%201-3rep.pdf\">Nos R\u00e9ponses le\u00e7on 1-3 <\/a><\/p>\n<p>Le\u00e7on 1-4 La Foi (I)<\/p>\n<p><a href=\"http:\/\/www.jecrois.org\/lessonsF\/Lecon1-4.doc\">T\u00e9l\u00e9charger le\u00e7on 1-4 La Foi (I) (MSN Word Format)<\/a><br \/>\n<a href=\"http:\/\/www.jecrois.org\/lessonsF\/Lecon1-4.pdf\">T\u00e9l\u00e9charger le\u00e7on 1-4 La Foi (I) (PDF Format)<\/a><br \/>\n<a href=\"http:\/\/www.jecrois.org\/lessonansF\/Lecon%201-4rep.pdf\">Nos R\u00e9ponses le\u00e7on 1-4 <\/a><\/p>\n<p>Le\u00e7on 1-5 La Foi (II)<\/p>\n<p><a href=\"http:\/\/www.jecrois.org\/lessonsF\/Lecon1-5.doc\">T\u00e9l\u00e9charger le\u00e7on 1-5 La Foi (II) (MSN Word Format)<\/a><br \/>\n<a href=\"http:\/\/www.jecrois.org\/lessonsF\/Lecon1-5.pdf\">T\u00e9l\u00e9charger le\u00e7on 1-5 La Foi (II) (PDF Format)<\/a><\/p>\n<p>Le\u00e7on 1-6 P\u00e9ch\u00e9<\/p>\n<p><a href=\"http:\/\/www.jecrois.org\/lessonsF\/Lecon1-6.doc\">T\u00e9l\u00e9charger le\u00e7on 1-6 (MSN Word Format)<\/a><br \/>\n<a href=\"http:\/\/www.jecrois.org\/lessonsF\/Lecon1-6.pdf\">T\u00e9l\u00e9charger le\u00e7on 1-6 (PDF Format)<\/a><\/p>\n<p>Le\u00e7on 1-7 La Gr\u00e2ce<\/p>\n<p><a href=\"http:\/\/www.jecrois.org\/lessonsF\/Lecon1-7.doc\">T\u00e9l\u00e9charger le\u00e7on 1-7 (MSN Word Format)<\/a><br \/>\n<a href=\"http:\/\/www.jecrois.org\/lessonsF\/Lecon1-7.pdf\">T\u00e9l\u00e9charger le\u00e7on 1-7 (PDF Format)<\/a><\/p>\n<p>*****************\u00a0\u00a0\u00a0\u00a0\u00a0\u00a0 Etude 2 &#8211; L&#8217;Eglise \u00a0\u00a0\u00a0\u00a0\u00a0\u00a0******************<\/p>\n<p>Le\u00e7on 2-1 L&#8217;Eglise<\/p>\n<p><a href=\"http:\/\/www.jecrois.org\/lessonsF\/Lecon2-1.doc\">T\u00e9l\u00e9charger le\u00e7on 2-1 (MSN Word Format)<\/a><br \/>\n<a href=\"http:\/\/www.jecrois.org\/lessonsF\/Lecon2-1.pdf\">T\u00e9l\u00e9charger le\u00e7on 2-1 (PDF Format)<\/a><\/p>\n<p>Le\u00e7on 2-2 Batir L&#8217;\u00e9glise &#8211; Partenaire en Responsabilit\u00e9<\/p>\n<p><a href=\"http:\/\/www.jecrois.org\/lessonsF\/Lecon2-2.doc\">T\u00e9l\u00e9charger le\u00e7on 2-2 (MSN Word Format)<\/a><br \/>\n<a href=\"http:\/\/www.jecrois.org\/lessonsF\/Lecon2-2.pdf\">T\u00e9l\u00e9charger le\u00e7on 2-2 (PDF Format)<\/a><\/p>\n<p>Le\u00e7on 2-3 Batir L&#8217;\u00e9glise &#8211; Les Cellules<\/p>\n<p><a href=\"http:\/\/www.jecrois.org\/lessonsF\/Lecon2-3.doc\">T\u00e9l\u00e9charger le\u00e7on 2-3 (MSN Word Format)<\/a><br \/>\n<a href=\"http:\/\/www.jecrois.org\/lessonsF\/Lecon2-3.pdf\">T\u00e9l\u00e9charger le\u00e7on 2-3 (PDF Format)<\/a><\/p>\n<p>Le\u00e7on 2-4 Batir L&#8217;\u00e9glise &#8211; \u00catre en amour avec Dieu<\/p>\n<p><a href=\"http:\/\/www.jecrois.org\/lessonsF\/Lecon2-4.doc\">T\u00e9l\u00e9charger le\u00e7on 2-4 (MSN Word Format)<\/a><br \/>\n<a href=\"http:\/\/www.jecrois.org\/lessonsF\/Lecon2-4.pdf\">T\u00e9l\u00e9charger le\u00e7on 2-4 (PDF Format)<\/a><\/p>\n<p>Le\u00e7on 2-5 Batir L&#8217;\u00e9glise &#8211; Aimer ton Prochain<\/p>\n<p><a href=\"http:\/\/www.jecrois.org\/lessonsF\/Lecon2-5.doc\">T\u00e9l\u00e9charger le\u00e7on 2-5 (MSN Word Format)<\/a><br \/>\n<a href=\"http:\/\/www.jecrois.org\/lessonsF\/Lecon2-5.pdf\">T\u00e9l\u00e9charger le\u00e7on 2-5 (PDF Format)<\/a><\/p>\n<p>Le\u00e7on 2-6 Batir L&#8217;\u00e9glise &#8211; \u00catre aim\u00e9<\/p>\n<p><a href=\"http:\/\/www.jecrois.org\/lessonsF\/Lecon2-6.doc\">T\u00e9l\u00e9charger le\u00e7on 2-6 (MSN Word Format)<\/a><br \/>\n<a href=\"http:\/\/www.jecrois.org\/lessonsF\/Lecon2-6.pdf\">T\u00e9l\u00e9charger le\u00e7on 2-6 (PDF Format)<\/a><\/p>\n<p>Le\u00e7on 2-7 Les probl\u00e8mes \u00e0 l&#8217;\u00c9glise<\/p>\n<p><a href=\"http:\/\/www.jecrois.org\/lessonsF\/Lecon2-7.doc\">T\u00e9l\u00e9charger le\u00e7on 2-7 (MSN Word Format)<\/a><br \/>\n<a href=\"http:\/\/www.jecrois.org\/lessonsF\/Lecon2-7.pdf\">T\u00e9l\u00e9charger le\u00e7on 2-7 (PDF Format)<\/a><\/p>\n<p>Le\u00e7on 2-8 Un Accord<\/p>\n<p><a href=\"http:\/\/www.jecrois.org\/lessonsF\/Lecon2-8.doc\">T\u00e9l\u00e9charger le\u00e7on 2-8 (MSN Word Format)<\/a><br \/>\n<a href=\"http:\/\/www.jecrois.org\/lessonsF\/Lecon2-8.pdf\">T\u00e9l\u00e9charger le\u00e7on 2-8 (PDF Format)<\/a><\/p>\n<p>***************\u00a0\u00a0\u00a0\u00a0\u00a0\u00a0 Etude 3 &#8211; Les Paraboles de J\u00e9sus \u00a0\u00a0\u00a0\u00a0\u00a0\u00a0**************<\/p>\n<p>Le\u00e7on 3-1 Introduction aux Paraboles<\/p>\n<p><a href=\"http:\/\/www.jecrois.org\/lessonsF\/Lecon3-1.doc\">T\u00e9l\u00e9charger le\u00e7on 3-1 (MSN Word Format)<\/a><br \/>\n<a href=\"http:\/\/www.jecrois.org\/lessonsF\/Lecon3-1.pdf\">T\u00e9l\u00e9charger le\u00e7on 3-1 (PDF Format)<\/a><\/p>\n<p>Le\u00e7on 3-2 Les Ouvriers et le Vignoble<\/p>\n<p><a href=\"http:\/\/www.jecrois.org\/lessonsF\/Lecon3-2.doc\">T\u00e9l\u00e9charger le\u00e7on 3-2 (MSN Word Format)<\/a><br \/>\n<a href=\"http:\/\/www.jecrois.org\/lessonsF\/Lecon3-2.pdf\">T\u00e9l\u00e9charger le\u00e7on 3-2 (PDF Format)<\/a><\/p>\n<p>Le\u00e7on 3-3 Les Dix Vierges<\/p>\n<p><a href=\"http:\/\/www.jecrois.org\/lessonsF\/Lecon3-3.doc\">T\u00e9l\u00e9charger le\u00e7on 3-3 (MSN Word Format)<\/a><br \/>\n<a href=\"http:\/\/www.jecrois.org\/lessonsF\/Lecon3-3.pdf\">T\u00e9l\u00e9charger le\u00e7on 3-3 (PDF Format)<\/a><\/p>\n<p>Le\u00e7on 3-4 Les Talents<\/p>\n<p><a href=\"http:\/\/www.jecrois.org\/lessonsF\/Lecon3-4.doc\">T\u00e9l\u00e9charger le\u00e7on 3-4 (MSN Word Format)<\/a><br \/>\n<a href=\"http:\/\/www.jecrois.org\/lessonsF\/Lecon3-4.pdf\">T\u00e9l\u00e9charger le\u00e7on 3-4 (PDF Format)<\/a><\/p>\n<p>Le\u00e7on 3-5 Le Bl\u00e9 et L&#8217;ivraie (Pt I)<\/p>\n<p><a href=\"http:\/\/www.jecrois.org\/lessonsF\/Lecon3-5.doc\">T\u00e9l\u00e9charger le\u00e7on 3-5 (MSN Word Format)<\/a><br \/>\n<a href=\"http:\/\/www.jecrois.org\/lessonsF\/Lecon3-5.pdf\">T\u00e9l\u00e9charger le\u00e7on 3-5 (PDF Format)<\/a><\/p>\n<p>Le\u00e7on 3-6 Le Bl\u00e9 et L&#8217;ivraie (Pt II)<\/p>\n<p><a href=\"http:\/\/www.jecrois.org\/lessonsF\/Lecon3-6.doc\">T\u00e9l\u00e9charger le\u00e7on 3-6 (MSN Word Format)<\/a><br \/>\n<a href=\"http:\/\/www.jecrois.org\/lessonsF\/Lecon3-6.pdf\">T\u00e9l\u00e9charger le\u00e7on 3-6 (PDF Format)<\/a><\/p>\n<p>Le\u00e7on 3-7 Le Tr\u00e9sor et la Perle<\/p>\n<p><a href=\"http:\/\/www.jecrois.org\/lessonsF\/Lecon3-7.doc\">T\u00e9l\u00e9charger le\u00e7on 3-7 (MSN Word Format)<\/a><br \/>\n<a href=\"http:\/\/www.jecrois.org\/lessonsF\/Lecon3-7.pdf\">T\u00e9l\u00e9charger le\u00e7on 3-7 (PDF Format)<\/a><\/p>\n<p>***************\u00a0\u00a0\u00a0\u00a0\u00a0\u00a0 Etude 4 &#8211; Qui est J\u00e9sus ? \u00a0\u00a0\u00a0\u00a0\u00a0\u00a0**************<\/p>\n<p>Le\u00e7on 4-1 Qui est J\u00e9sus ?<\/p>\n<p><a href=\"http:\/\/www.jecrois.org\/lessonsF\/Lecon4-1.doc\">T\u00e9l\u00e9charger le\u00e7on 4-1 (MSN Word Format)<\/a><br \/>\n<a href=\"http:\/\/www.jecrois.org\/lessonsF\/Lecon4-1.pdf\">T\u00e9l\u00e9charger le\u00e7on 4-1 (PDF Format)<\/a><\/p>\n<p>Le\u00e7on 4-2 La Mort de J\u00e9sus ?<\/p>\n<p><a href=\"http:\/\/www.jecrois.org\/lessonsF\/Lecon4-2.doc\">T\u00e9l\u00e9charger le\u00e7on 4-2 (MSN Word Format)<\/a><br \/>\n<a href=\"http:\/\/www.jecrois.org\/lessonsF\/Lecon4-2.pdf\">T\u00e9l\u00e9charger le\u00e7on 4-2 (PDF Format)<\/a><\/p>\n<p>Le\u00e7on 4-3 Pourquoi J\u00e9sus a-t-il d\u00fb Mourir ?<\/p>\n<p><a href=\"http:\/\/www.jecrois.org\/lessonsF\/Lecon4-3.doc\">T\u00e9l\u00e9charger le\u00e7on 4-3 (MSN Word Format)<\/a><br \/>\n<a href=\"http:\/\/www.jecrois.org\/lessonsF\/Lecon4-3.pdf\">T\u00e9l\u00e9charger le\u00e7on 4-3 (PDF Format)<\/a><\/p>\n<p>Le\u00e7on 4-4 La r\u00e9surrection et l&#8217;ascension<\/p>\n<p><a href=\"http:\/\/www.jecrois.org\/lessonsF\/Lecon4-4.doc\">T\u00e9l\u00e9charger le\u00e7on 4-4 (MSN Word Format)<\/a><br \/>\n<a href=\"http:\/\/www.jecrois.org\/lessonsF\/Lecon4-4.pdf\">T\u00e9l\u00e9charger le\u00e7on 4-4 (PDF Format)<\/a><\/p>\n<p>***************\u00a0\u00a0\u00a0\u00a0\u00a0\u00a0 Etude 5 &#8211; Succ\u00e8s \u00a0\u00a0\u00a0\u00a0\u00a0\u00a0**************<\/p>\n<p>Le\u00e7on 5-1 Succ\u00e8s de Robert<\/p>\n<p><a href=\"http:\/\/www.jecrois.org\/lessonsF\/Lecon5-1.doc\">T\u00e9l\u00e9charger le\u00e7on 5-1 (MSN Word Format)<\/a><br \/>\n<a href=\"http:\/\/www.jecrois.org\/lessonsF\/Lecon5-1.pdf\" target=\"_blank\" rel=\"noopener noreferrer\">T\u00e9l\u00e9charger le\u00e7on 5-1 (PDF Format)<\/a><\/p>\n<p>Le\u00e7on 5-2 Le cadeau de l&#8217;honn\u00eatet\u00e9 (Robert)<\/p>\n<p><a href=\"http:\/\/www.jecrois.org\/lessonsF\/Lecon5-2.doc\">T\u00e9l\u00e9charger le\u00e7on 5-2 (MSN Word Format)<\/a><br \/>\n<a href=\"http:\/\/www.jecrois.org\/lessonsF\/Lecon5-2.pdf\" target=\"_blank\" rel=\"noopener noreferrer\">T\u00e9l\u00e9charger le\u00e7on 5-2 (PDF Format)<\/a><\/p>\n<p>Le\u00e7on 5-3 Probl\u00e8mes et opportunit\u00e9s (Robert)<\/p>\n<p><a href=\"http:\/\/www.jecrois.org\/lessonsF\/Lecon5-3.doc\">T\u00e9l\u00e9charger le\u00e7on 5-3 (MSN Word Format)<\/a><br \/>\n<a href=\"http:\/\/www.jecrois.org\/lessonsF\/Lecon5-3.pdf\" target=\"_blank\" rel=\"noopener noreferrer\">T\u00e9l\u00e9charger le\u00e7on 5-3 (PDF Format)<\/a><\/p>\n<p>Le\u00e7on 5-4 R\u00e9solution des probl\u00e8mes &#8211; Le processus<\/p>\n<p><a href=\"http:\/\/www.jecrois.org\/lessonsF\/Lecon5-4.doc\">T\u00e9l\u00e9charger le\u00e7on 5-4 (MSN Word Format)<\/a><br \/>\n<a href=\"http:\/\/www.jecrois.org\/lessonsF\/Lecon5-4.pdf\" target=\"_blank\" rel=\"noopener noreferrer\">T\u00e9l\u00e9charger le\u00e7on 5-4 (PDF Format)<\/a><\/p>\n<p>Le\u00e7on 5-5 Int\u00e9r\u00eats &#8211; \u00c9ducation (Robert)<\/p>\n<p><a href=\"http:\/\/www.jecrois.org\/lessonsF\/Lecon5-5.doc\">T\u00e9l\u00e9charger le\u00e7on 5-5 (MSN Word Format)<\/a><br \/>\n<a href=\"http:\/\/www.jecrois.org\/lessonsF\/Lecon5-5.pdf\" target=\"_blank\" rel=\"noopener noreferrer\">T\u00e9l\u00e9charger le\u00e7on 5-5 (PDF Format)<\/a><\/p>\n<p>Le\u00e7on 5-6 En bonne passe (Robert)<\/p>\n<p><a href=\"http:\/\/www.jecrois.org\/lessonsF\/Lecon5-6.doc\">T\u00e9l\u00e9charger le\u00e7on 5-6 (MSN Word Format)<\/a><br \/>\n<a href=\"http:\/\/www.jecrois.org\/lessonsF\/Lecon5-6.pdf\" target=\"_blank\" rel=\"noopener noreferrer\">T\u00e9l\u00e9charger le\u00e7on 5-6 (PDF Format)<\/a><\/p>\n<p>Le\u00e7on 5-7 Moment de la tente d&#8217;assignation (Robert)<\/p>\n<p><a href=\"http:\/\/www.jecrois.org\/lessonsF\/Lecon5-7.doc\">T\u00e9l\u00e9charger le\u00e7on 5-7 (MSN Word Format)<\/a><br \/>\n<a href=\"http:\/\/www.jecrois.org\/lessonsF\/Lecon5-7.pdf\" target=\"_blank\" rel=\"noopener noreferrer\">T\u00e9l\u00e9charger le\u00e7on 5-7 (PDF Format)<\/a><\/p>\n<p>Abonnement:<\/p>\n<p><a href=\"https:\/\/jecrois.org\/blog\/?page_id=458\">Cliquez ici \u00e0 prendre un abonnement.<\/a><\/p>\n<div style=\"padding-bottom:20px; padding-top:10px;\" class=\"hupso-share-buttons\"><!-- Hupso Share Buttons - https:\/\/www.hupso.com\/share\/ --><a class=\"hupso_pop\" href=\"https:\/\/www.hupso.com\/share\/\"><img decoding=\"async\" src=\"https:\/\/static.hupso.com\/share\/buttons\/button100x23.png\" style=\"border:0px; width:100; height: 23; \" alt=\"Share Button\" \/><\/a><script type=\"text\/javascript\">var hupso_services=new Array(\"Twitter\",\"Facebook\",\"Linkedin\",\"StumbleUpon\",\"Reddit\",\"Print\");var hupso_icon_type = \"labels\";var hupso_background=\"#EAF4FF\";var hupso_border=\"#66CCFF\";var hupso_image_folder_url = \"\";var hupso_url=\"\";var hupso_title=\"Le%C3%A7ons%20%28t%C3%A9l%C3%A9charger%29\";<\/script><script type=\"text\/javascript\" src=\"https:\/\/static.hupso.com\/share\/js\/share.js\"><\/script><!-- Hupso Share Buttons --><\/div>","protected":false},"excerpt":{"rendered":"<p>Voir, Lire, et T\u00e9l\u00e9charger Le\u00e7ons de la Bible (Gratuitement) ****************\u00a0\u00a0\u00a0\u00a0\u00a0\u00a0 Etude 1 &#8211; La V\u00e9rit\u00e9 \u00a0\u00a0\u00a0\u00a0\u00a0\u00a0***************** Le\u00e7on 1-1 La V\u00e9rit\u00e9 T\u00e9l\u00e9charger le\u00e7on 1-1 (MSN Word Format) T\u00e9l\u00e9charger le\u00e7on 1-1 (PDF Format) Nos R\u00e9ponses le\u00e7on 1-1 (PDF Format 75KB) Le\u00e7on 1-2 L&#8217;access \u00e0 la V\u00e9rit\u00e9 T\u00e9l\u00e9charger le\u00e7on 1-2 (MSN Word Format) T\u00e9l\u00e9charger le\u00e7on 1-2 (PDF Format) &hellip; <a href=\"https:\/\/jecrois.org\/blog\/?page_id=286\" class=\"more-link\">Continue reading <span class=\"screen-reader-text\">Le\u00e7ons (t\u00e9l\u00e9charger)<\/span> <span class=\"meta-nav\">&rarr;<\/span><\/a><\/p>\n<div style=\"padding-bottom:20px; padding-top:10px;\" class=\"hupso-share-buttons\"><!-- Hupso Share Buttons - https:\/\/www.hupso.com\/share\/ --><a class=\"hupso_pop\" href=\"https:\/\/www.hupso.com\/share\/\"><img src=\"https:\/\/static.hupso.com\/share\/buttons\/button100x23.png\" style=\"border:0px; width:100; height: 23; \" alt=\"Share Button\" \/><\/a><script type=\"text\/javascript\">var hupso_services=new Array(\"Twitter\",\"Facebook\",\"Linkedin\",\"StumbleUpon\",\"Reddit\",\"Print\");var hupso_icon_type = \"labels\";var hupso_background=\"#EAF4FF\";var hupso_border=\"#66CCFF\";var hupso_image_folder_url = \"\";var hupso_url=\"\";var hupso_title=\"Le%C3%A7ons%20%28t%C3%A9l%C3%A9charger%29\";<\/script><script type=\"text\/javascript\" src=\"https:\/\/static.hupso.com\/share\/js\/share.js\"><\/script><!-- Hupso Share Buttons --><\/div>","protected":false},"author":1,"featured_media":0,"parent":0,"menu_order":2,"comment_status":"closed","ping_status":"closed","template":"","meta":{"footnotes":""},"class_list":["post-286","page","type-page","status-publish","hentry"],"_links":{"self":[{"href":"https:\/\/jecrois.org\/blog\/index.php?rest_route=\/wp\/v2\/pages\/286","targetHints":{"allow":["GET"]}}],"collection":[{"href":"https:\/\/jecrois.org\/blog\/index.php?rest_route=\/wp\/v2\/pages"}],"about":[{"href":"https:\/\/jecrois.org\/blog\/index.php?rest_route=\/wp\/v2\/types\/page"}],"author":[{"embeddable":true,"href":"https:\/\/jecrois.org\/blog\/index.php?rest_route=\/wp\/v2\/users\/1"}],"replies":[{"embeddable":true,"href":"https:\/\/jecrois.org\/blog\/index.php?rest_route=%2Fwp%2Fv2%2Fcomments&post=286"}],"version-history":[{"count":18,"href":"https:\/\/jecrois.org\/blog\/index.php?rest_route=\/wp\/v2\/pages\/286\/revisions"}],"predecessor-version":[{"id":288,"href":"https:\/\/jecrois.org\/blog\/index.php?rest_route=\/wp\/v2\/pages\/286\/revisions\/288"}],"wp:attachment":[{"href":"https:\/\/jecrois.org\/blog\/index.php?rest_route=%2Fwp%2Fv2%2Fmedia&parent=286"}],"curies":[{"name":"wp","href":"https:\/\/api.w.org\/{rel}","templated":true}]}}