{"id":284,"date":"2015-12-16T04:43:36","date_gmt":"2015-12-16T04:43:36","guid":{"rendered":"https:\/\/jecrois.org\/blog\/?page_id=284"},"modified":"2020-07-01T14:50:38","modified_gmt":"2020-07-01T14:50:38","slug":"quelques-mots","status":"publish","type":"page","link":"https:\/\/jecrois.org\/blog\/?page_id=284","title":{"rendered":"Quelques mots"},"content":{"rendered":"<p><center>Quelques Mots<\/center>Bienvenue sur jecrois.org. Nous sommes des chr\u00e9tiens croyants et pratiquants. Nous souhaitons partager nos vies, nos pens\u00e9es, nos exp\u00e9riences et notre foi avec vous. Nous partageons des principes importants dont : la croissance spirituelle de chacun, la construction des \u00e9glises et atteindre ceux qui sont autour de nous.<\/p>\n<p>Merci encore et nous esp\u00e9rons que ce site vous sera utile.<\/p>\n<p>Tr\u00e8s amicalement,<br \/>\nJames<\/p>\n<div style=\"padding-bottom:20px; padding-top:10px;\" class=\"hupso-share-buttons\"><!-- Hupso Share Buttons - https:\/\/www.hupso.com\/share\/ --><a class=\"hupso_pop\" href=\"https:\/\/www.hupso.com\/share\/\"><img decoding=\"async\" src=\"https:\/\/static.hupso.com\/share\/buttons\/button100x23.png\" style=\"border:0px; width:100; height: 23; \" alt=\"Share Button\" \/><\/a><script type=\"text\/javascript\">var hupso_services=new Array(\"Twitter\",\"Facebook\",\"Linkedin\",\"StumbleUpon\",\"Reddit\",\"Print\");var hupso_icon_type = \"labels\";var hupso_background=\"#EAF4FF\";var hupso_border=\"#66CCFF\";var hupso_image_folder_url = \"\";var hupso_url=\"\";var hupso_title=\"Quelques%20mots\";<\/script><script type=\"text\/javascript\" src=\"https:\/\/static.hupso.com\/share\/js\/share.js\"><\/script><!-- Hupso Share Buttons --><\/div>","protected":false},"excerpt":{"rendered":"<p>Quelques MotsBienvenue sur jecrois.org. Nous sommes des chr\u00e9tiens croyants et pratiquants. Nous souhaitons partager nos vies, nos pens\u00e9es, nos exp\u00e9riences et notre foi avec vous. Nous partageons des principes importants dont : la croissance spirituelle de chacun, la construction des \u00e9glises et atteindre ceux qui sont autour de nous. Merci encore et nous esp\u00e9rons que &hellip; <a href=\"https:\/\/jecrois.org\/blog\/?page_id=284\" class=\"more-link\">Continue reading <span class=\"screen-reader-text\">Quelques mots<\/span> <span class=\"meta-nav\">&rarr;<\/span><\/a><\/p>\n<div style=\"padding-bottom:20px; padding-top:10px;\" class=\"hupso-share-buttons\"><!-- Hupso Share Buttons - https:\/\/www.hupso.com\/share\/ --><a class=\"hupso_pop\" href=\"https:\/\/www.hupso.com\/share\/\"><img src=\"https:\/\/static.hupso.com\/share\/buttons\/button100x23.png\" style=\"border:0px; width:100; height: 23; \" alt=\"Share Button\" \/><\/a><script type=\"text\/javascript\">var hupso_services=new Array(\"Twitter\",\"Facebook\",\"Linkedin\",\"StumbleUpon\",\"Reddit\",\"Print\");var hupso_icon_type = \"labels\";var hupso_background=\"#EAF4FF\";var hupso_border=\"#66CCFF\";var hupso_image_folder_url = \"\";var hupso_url=\"\";var hupso_title=\"Quelques%20mots\";<\/script><script type=\"text\/javascript\" src=\"https:\/\/static.hupso.com\/share\/js\/share.js\"><\/script><!-- Hupso Share Buttons --><\/div>","protected":false},"author":1,"featured_media":0,"parent":0,"menu_order":1,"comment_status":"closed","ping_status":"closed","template":"","meta":{"footnotes":""},"class_list":["post-284","page","type-page","status-publish","hentry"],"_links":{"self":[{"href":"https:\/\/jecrois.org\/blog\/index.php?rest_route=\/wp\/v2\/pages\/284","targetHints":{"allow":["GET"]}}],"collection":[{"href":"https:\/\/jecrois.org\/blog\/index.php?rest_route=\/wp\/v2\/pages"}],"about":[{"href":"https:\/\/jecrois.org\/blog\/index.php?rest_route=\/wp\/v2\/types\/page"}],"author":[{"embeddable":true,"href":"https:\/\/jecrois.org\/blog\/index.php?rest_route=\/wp\/v2\/users\/1"}],"replies":[{"embeddable":true,"href":"https:\/\/jecrois.org\/blog\/index.php?rest_route=%2Fwp%2Fv2%2Fcomments&post=284"}],"version-history":[{"count":2,"href":"https:\/\/jecrois.org\/blog\/index.php?rest_route=\/wp\/v2\/pages\/284\/revisions"}],"predecessor-version":[{"id":462,"href":"https:\/\/jecrois.org\/blog\/index.php?rest_route=\/wp\/v2\/pages\/284\/revisions\/462"}],"wp:attachment":[{"href":"https:\/\/jecrois.org\/blog\/index.php?rest_route=%2Fwp%2Fv2%2Fmedia&parent=284"}],"curies":[{"name":"wp","href":"https:\/\/api.w.org\/{rel}","templated":true}]}}